{"id":281,"date":"2025-01-30T06:21:12","date_gmt":"2025-01-30T06:21:12","guid":{"rendered":"https:\/\/livno.li\/shop\/?page_id=281"},"modified":"2025-01-30T06:25:51","modified_gmt":"2025-01-30T06:25:51","slug":"divlji-konji-s-kruga","status":"publish","type":"page","link":"https:\/\/livno.li\/shop\/divlji-konji-s-kruga\/","title":{"rendered":"Divlji konji s Kruga"},"content":{"rendered":"<p><div class='fotorama--wp' data-ids='284,283,282'data-nav='thumbs'data-link='file'data-itemtag='dl'data-icontag='dt'data-captiontag='dd'data-columns='0'data-size='large'data-width='1024'data-auto='false'data-max-width='100%'data-ratio='1.517037037037'><div id='gallery-1' class='gallery galleryid-281 gallery-columns-0 gallery-size-thumbnail'><dl class='gallery-item'>\n\t\t\t<dt class='gallery-icon landscape'>\n\t\t\t\t<a href='https:\/\/livno.li\/shop\/wp-content\/uploads\/2025\/01\/KON3-1024x675.jpg' data-full='https:\/\/livno.li\/shop\/wp-content\/uploads\/2025\/01\/KON3.jpg'><img loading=\"lazy\" decoding=\"async\" width=\"150\" height=\"150\" src=\"https:\/\/livno.li\/shop\/wp-content\/uploads\/2025\/01\/KON3-150x150.jpg\" class=\"attachment-thumbnail size-thumbnail\" alt=\"\" srcset=\"https:\/\/livno.li\/shop\/wp-content\/uploads\/2025\/01\/KON3-150x150.jpg 150w, https:\/\/livno.li\/shop\/wp-content\/uploads\/2025\/01\/KON3-420x420.jpg 420w, https:\/\/livno.li\/shop\/wp-content\/uploads\/2025\/01\/KON3-100x100.jpg 100w\" sizes=\"auto, (max-width: 150px) 100vw, 150px\" \/><\/a>\n\t\t\t<\/dt><\/dl><dl class='gallery-item'>\n\t\t\t<dt class='gallery-icon landscape'>\n\t\t\t\t<a href='https:\/\/livno.li\/shop\/wp-content\/uploads\/2025\/01\/KONJUI01-1024x1024.jpg' data-full='https:\/\/livno.li\/shop\/wp-content\/uploads\/2025\/01\/KONJUI01.jpg'><img loading=\"lazy\" decoding=\"async\" width=\"150\" height=\"150\" src=\"https:\/\/livno.li\/shop\/wp-content\/uploads\/2025\/01\/KONJUI01-150x150.jpg\" class=\"attachment-thumbnail size-thumbnail\" alt=\"\" srcset=\"https:\/\/livno.li\/shop\/wp-content\/uploads\/2025\/01\/KONJUI01-150x150.jpg 150w, https:\/\/livno.li\/shop\/wp-content\/uploads\/2025\/01\/KONJUI01-300x300.jpg 300w, https:\/\/livno.li\/shop\/wp-content\/uploads\/2025\/01\/KONJUI01-1024x1024.jpg 1024w, https:\/\/livno.li\/shop\/wp-content\/uploads\/2025\/01\/KONJUI01-768x768.jpg 768w, https:\/\/livno.li\/shop\/wp-content\/uploads\/2025\/01\/KONJUI01-1140x1140.jpg 1140w, https:\/\/livno.li\/shop\/wp-content\/uploads\/2025\/01\/KONJUI01-920x920.jpg 920w, https:\/\/livno.li\/shop\/wp-content\/uploads\/2025\/01\/KONJUI01-575x575.jpg 575w, https:\/\/livno.li\/shop\/wp-content\/uploads\/2025\/01\/KONJUI01-380x380.jpg 380w, https:\/\/livno.li\/shop\/wp-content\/uploads\/2025\/01\/KONJUI01-420x420.jpg 420w, https:\/\/livno.li\/shop\/wp-content\/uploads\/2025\/01\/KONJUI01-800x800.jpg 800w, https:\/\/livno.li\/shop\/wp-content\/uploads\/2025\/01\/KONJUI01-100x100.jpg 100w, https:\/\/livno.li\/shop\/wp-content\/uploads\/2025\/01\/KONJUI01.jpg 1200w\" sizes=\"auto, (max-width: 150px) 100vw, 150px\" \/><\/a>\n\t\t\t<\/dt><\/dl><dl class='gallery-item'>\n\t\t\t<dt class='gallery-icon landscape'>\n\t\t\t\t<a href='https:\/\/livno.li\/shop\/wp-content\/uploads\/2025\/01\/konj4-1024x675.jpg' data-full='https:\/\/livno.li\/shop\/wp-content\/uploads\/2025\/01\/konj4.jpg'><img loading=\"lazy\" decoding=\"async\" width=\"150\" height=\"150\" src=\"https:\/\/livno.li\/shop\/wp-content\/uploads\/2025\/01\/konj4-150x150.jpg\" class=\"attachment-thumbnail size-thumbnail\" alt=\"\" srcset=\"https:\/\/livno.li\/shop\/wp-content\/uploads\/2025\/01\/konj4-150x150.jpg 150w, https:\/\/livno.li\/shop\/wp-content\/uploads\/2025\/01\/konj4-420x420.jpg 420w, https:\/\/livno.li\/shop\/wp-content\/uploads\/2025\/01\/konj4-100x100.jpg 100w\" sizes=\"auto, (max-width: 150px) 100vw, 150px\" \/><\/a>\n\t\t\t<\/dt><\/dl>\n\t\t<\/div>\n<\/div><br \/>\nUskoro &#8211; Narud\u017eba fotografije Divlji Konji s Kruga mo\u017eete naru\u010diti putem maila: info@livno.li<\/p>\n","protected":false},"excerpt":{"rendered":"<p>Uskoro &#8211; Narud\u017eba fotografije Divlji Konji s Kruga mo\u017eete naru\u010diti putem maila: info@livno.li<\/p>\n","protected":false},"author":1,"featured_media":0,"parent":0,"menu_order":0,"comment_status":"closed","ping_status":"closed","template":"","meta":{"footnotes":""},"class_list":["post-281","page","type-page","status-publish","hentry"],"jetpack_sharing_enabled":true,"_links":{"self":[{"href":"https:\/\/livno.li\/shop\/wp-json\/wp\/v2\/pages\/281","targetHints":{"allow":["GET"]}}],"collection":[{"href":"https:\/\/livno.li\/shop\/wp-json\/wp\/v2\/pages"}],"about":[{"href":"https:\/\/livno.li\/shop\/wp-json\/wp\/v2\/types\/page"}],"author":[{"embeddable":true,"href":"https:\/\/livno.li\/shop\/wp-json\/wp\/v2\/users\/1"}],"replies":[{"embeddable":true,"href":"https:\/\/livno.li\/shop\/wp-json\/wp\/v2\/comments?post=281"}],"version-history":[{"count":4,"href":"https:\/\/livno.li\/shop\/wp-json\/wp\/v2\/pages\/281\/revisions"}],"predecessor-version":[{"id":289,"href":"https:\/\/livno.li\/shop\/wp-json\/wp\/v2\/pages\/281\/revisions\/289"}],"wp:attachment":[{"href":"https:\/\/livno.li\/shop\/wp-json\/wp\/v2\/media?parent=281"}],"curies":[{"name":"wp","href":"https:\/\/api.w.org\/{rel}","templated":true}]}}