{"id":421,"date":"2026-02-12T10:26:25","date_gmt":"2026-02-12T10:26:25","guid":{"rendered":"https:\/\/livno.li\/shop\/?page_id=421"},"modified":"2026-02-12T11:21:24","modified_gmt":"2026-02-12T11:21:24","slug":"prskalice-za-vjencanja","status":"publish","type":"page","link":"https:\/\/livno.li\/shop\/prskalice-za-vjencanja\/","title":{"rendered":"Prskalice za vjen\u010danja"},"content":{"rendered":"<p><center><div class='fotorama--wp' data-nav='thumbs'data-autoplay='3000'data-ids='456,424,425,426,422'data-link='file'data-itemtag='dl'data-icontag='dt'data-captiontag='dd'data-columns='0'data-size='large'data-width='1024'data-auto='false'data-max-width='100%'data-ratio='1.4992679355783'><div id='gallery-1' class='gallery galleryid-421 gallery-columns-0 gallery-size-thumbnail'><dl class='gallery-item'>\n\t\t\t<dt class='gallery-icon landscape'>\n\t\t\t\t<a href='https:\/\/livno.li\/shop\/wp-content\/uploads\/2026\/02\/naslovna-1024x683.jpg' data-full='https:\/\/livno.li\/shop\/wp-content\/uploads\/2026\/02\/naslovna.jpg'><img loading=\"lazy\" decoding=\"async\" width=\"150\" height=\"150\" src=\"https:\/\/livno.li\/shop\/wp-content\/uploads\/2026\/02\/naslovna-150x150.jpg\" class=\"attachment-thumbnail size-thumbnail\" alt=\"\" srcset=\"https:\/\/livno.li\/shop\/wp-content\/uploads\/2026\/02\/naslovna-150x150.jpg 150w, https:\/\/livno.li\/shop\/wp-content\/uploads\/2026\/02\/naslovna-420x420.jpg 420w, https:\/\/livno.li\/shop\/wp-content\/uploads\/2026\/02\/naslovna-100x100.jpg 100w\" sizes=\"auto, (max-width: 150px) 100vw, 150px\" \/><\/a>\n\t\t\t<\/dt><\/dl><dl class='gallery-item'>\n\t\t\t<dt class='gallery-icon portrait'>\n\t\t\t\t<a href='https:\/\/livno.li\/shop\/wp-content\/uploads\/2026\/02\/02-3-827x1024.jpg' data-full='https:\/\/livno.li\/shop\/wp-content\/uploads\/2026\/02\/02-3.jpg'><img loading=\"lazy\" decoding=\"async\" width=\"150\" height=\"150\" src=\"https:\/\/livno.li\/shop\/wp-content\/uploads\/2026\/02\/02-3-150x150.jpg\" class=\"attachment-thumbnail size-thumbnail\" alt=\"\" srcset=\"https:\/\/livno.li\/shop\/wp-content\/uploads\/2026\/02\/02-3-150x150.jpg 150w, https:\/\/livno.li\/shop\/wp-content\/uploads\/2026\/02\/02-3-420x420.jpg 420w, https:\/\/livno.li\/shop\/wp-content\/uploads\/2026\/02\/02-3-100x100.jpg 100w\" sizes=\"auto, (max-width: 150px) 100vw, 150px\" \/><\/a>\n\t\t\t<\/dt><\/dl><dl class='gallery-item'>\n\t\t\t<dt class='gallery-icon landscape'>\n\t\t\t\t<a href='https:\/\/livno.li\/shop\/wp-content\/uploads\/2026\/02\/02-4.jpg' data-full='https:\/\/livno.li\/shop\/wp-content\/uploads\/2026\/02\/02-4.jpg'><img loading=\"lazy\" decoding=\"async\" width=\"150\" height=\"150\" src=\"https:\/\/livno.li\/shop\/wp-content\/uploads\/2026\/02\/02-4-150x150.jpg\" class=\"attachment-thumbnail size-thumbnail\" alt=\"\" srcset=\"https:\/\/livno.li\/shop\/wp-content\/uploads\/2026\/02\/02-4-150x150.jpg 150w, https:\/\/livno.li\/shop\/wp-content\/uploads\/2026\/02\/02-4-300x300.jpg 300w, https:\/\/livno.li\/shop\/wp-content\/uploads\/2026\/02\/02-4-768x768.jpg 768w, https:\/\/livno.li\/shop\/wp-content\/uploads\/2026\/02\/02-4-575x575.jpg 575w, https:\/\/livno.li\/shop\/wp-content\/uploads\/2026\/02\/02-4-380x380.jpg 380w, https:\/\/livno.li\/shop\/wp-content\/uploads\/2026\/02\/02-4-420x420.jpg 420w, https:\/\/livno.li\/shop\/wp-content\/uploads\/2026\/02\/02-4-100x100.jpg 100w, https:\/\/livno.li\/shop\/wp-content\/uploads\/2026\/02\/02-4.jpg 800w\" sizes=\"auto, (max-width: 150px) 100vw, 150px\" \/><\/a>\n\t\t\t<\/dt><\/dl><dl class='gallery-item'>\n\t\t\t<dt class='gallery-icon landscape'>\n\t\t\t\t<a href='https:\/\/livno.li\/shop\/wp-content\/uploads\/2026\/02\/02-5.jpg' data-full='https:\/\/livno.li\/shop\/wp-content\/uploads\/2026\/02\/02-5.jpg'><img loading=\"lazy\" decoding=\"async\" width=\"150\" height=\"150\" src=\"https:\/\/livno.li\/shop\/wp-content\/uploads\/2026\/02\/02-5-150x150.jpg\" class=\"attachment-thumbnail size-thumbnail\" alt=\"\" srcset=\"https:\/\/livno.li\/shop\/wp-content\/uploads\/2026\/02\/02-5-150x150.jpg 150w, https:\/\/livno.li\/shop\/wp-content\/uploads\/2026\/02\/02-5-300x300.jpg 300w, https:\/\/livno.li\/shop\/wp-content\/uploads\/2026\/02\/02-5-768x768.jpg 768w, https:\/\/livno.li\/shop\/wp-content\/uploads\/2026\/02\/02-5-575x575.jpg 575w, https:\/\/livno.li\/shop\/wp-content\/uploads\/2026\/02\/02-5-380x380.jpg 380w, https:\/\/livno.li\/shop\/wp-content\/uploads\/2026\/02\/02-5-420x420.jpg 420w, https:\/\/livno.li\/shop\/wp-content\/uploads\/2026\/02\/02-5-100x100.jpg 100w, https:\/\/livno.li\/shop\/wp-content\/uploads\/2026\/02\/02-5.jpg 794w\" sizes=\"auto, (max-width: 150px) 100vw, 150px\" \/><\/a>\n\t\t\t<\/dt><\/dl><dl class='gallery-item'>\n\t\t\t<dt class='gallery-icon portrait'>\n\t\t\t\t<a href='https:\/\/livno.li\/shop\/wp-content\/uploads\/2026\/02\/02-1-768x1024.jpg' data-full='https:\/\/livno.li\/shop\/wp-content\/uploads\/2026\/02\/02-1.jpg'><img loading=\"lazy\" decoding=\"async\" width=\"150\" height=\"150\" src=\"https:\/\/livno.li\/shop\/wp-content\/uploads\/2026\/02\/02-1-150x150.jpg\" class=\"attachment-thumbnail size-thumbnail\" alt=\"\" srcset=\"https:\/\/livno.li\/shop\/wp-content\/uploads\/2026\/02\/02-1-150x150.jpg 150w, https:\/\/livno.li\/shop\/wp-content\/uploads\/2026\/02\/02-1-420x420.jpg 420w, https:\/\/livno.li\/shop\/wp-content\/uploads\/2026\/02\/02-1-100x100.jpg 100w\" sizes=\"auto, (max-width: 150px) 100vw, 150px\" \/><\/a>\n\t\t\t<\/dt><\/dl>\n\t\t<\/div>\n<\/div><\/p>\n<p><\/center><br \/>\nPrvi ples je svim mladencima jedan od najromanti\u010dnijih trenutaka na vjen\u010danju, bez obzira radi li se o tradicionalnom ili dana\u0161njim modernim vjen\u010danjima. Kako bi Va\u0161 prvi ples bio \u0161to romanticniji, u na\u0161oj ponudi pripremili smo za Vas klasi\u010dne prskalice velicine 25-40 cm koje prilikom paljenja traju 35\/90 sekundi, a koje zajedno s Va\u0161im gostima mo\u017eete upaliti na po\u010detku prvog plesa ili za vrijeme rezanja torte.<\/p>\n<p><strong>Cjenik<\/strong><\/p>\n<ul>\n<li><em>U cijenu je uklju\u010dena: prskalica, dizajn vizuala, priprema za tisak, izrada kli\u0161ea, papir i izrada karton\u010di\u0107a.<\/em><\/li>\n<li><em>Klasi\u010dne prskalice od 25-28 cm traju cca 35 sekundi.<\/em><\/li>\n<li><em>Veli\u010dina karton\u010di\u0107a je 9\u00d76 cm.<\/em><\/li>\n<li><em>Rok isporuke je 15 radnih dana od uplate prema ponudi i autorizacije idejno-grafi\u010dkog rje\u0161enja.<\/em><\/li>\n<li><em>Za narud\u017ebu ve\u0107u od 500 komada, cijena je na upit.<\/em><\/li>\n<\/ul>\n<ul>\n<li class=\"p1\">U cijenu je uklju\u010dena: prskalica, dizajn vizuala, priprema za tisak, izrada kli\u0161ea, papir i izrada karton\u010di\u0107a.<\/li>\n<li class=\"p1\">Prskalice od 40 cm traju cca 95 sekundi.<\/li>\n<li class=\"p1\">Veli\u010dina karton\u010di\u0107a je 9\u00d76 cm.<\/li>\n<li class=\"p1\">Rok isporuke je 15 radnih dana od uplate prema ponudi i autorizacije idejno-grafi\u010dkog rje\u0161enja.<\/li>\n<li class=\"p1\">Za narud\u017ebu ve\u0107u od 500 komada, cijena je na upit.<\/li>\n<\/ul>\n<div class='fotorama--wp' data-autoplay='3000'data-nav='thumbs'data-ids='434,435,437,438,439,440,441,442,443,444,445,446,447,448,449,450,451'data-link='file'data-itemtag='dl'data-icontag='dt'data-captiontag='dd'data-columns='0'data-size='large'data-width='1024'data-auto='false'data-max-width='100%'data-ratio='1.4992679355783'><div id='gallery-3' class='gallery galleryid-421 gallery-columns-0 gallery-size-thumbnail'><dl class='gallery-item'>\n\t\t\t<dt class='gallery-icon landscape'>\n\t\t\t\t<a href='https:\/\/livno.li\/shop\/wp-content\/uploads\/2026\/02\/33-1-1024x683.jpg' data-full='https:\/\/livno.li\/shop\/wp-content\/uploads\/2026\/02\/33-1.jpg'><img loading=\"lazy\" decoding=\"async\" width=\"150\" height=\"150\" src=\"https:\/\/livno.li\/shop\/wp-content\/uploads\/2026\/02\/33-1-150x150.jpg\" class=\"attachment-thumbnail size-thumbnail\" alt=\"\" srcset=\"https:\/\/livno.li\/shop\/wp-content\/uploads\/2026\/02\/33-1-150x150.jpg 150w, https:\/\/livno.li\/shop\/wp-content\/uploads\/2026\/02\/33-1-420x420.jpg 420w, https:\/\/livno.li\/shop\/wp-content\/uploads\/2026\/02\/33-1-100x100.jpg 100w\" sizes=\"auto, (max-width: 150px) 100vw, 150px\" \/><\/a>\n\t\t\t<\/dt><\/dl><dl class='gallery-item'>\n\t\t\t<dt class='gallery-icon landscape'>\n\t\t\t\t<a href='https:\/\/livno.li\/shop\/wp-content\/uploads\/2026\/02\/33-2-1024x683.jpg' data-full='https:\/\/livno.li\/shop\/wp-content\/uploads\/2026\/02\/33-2-scaled.jpg'><img loading=\"lazy\" decoding=\"async\" width=\"150\" height=\"150\" src=\"https:\/\/livno.li\/shop\/wp-content\/uploads\/2026\/02\/33-2-150x150.jpg\" class=\"attachment-thumbnail size-thumbnail\" alt=\"\" srcset=\"https:\/\/livno.li\/shop\/wp-content\/uploads\/2026\/02\/33-2-150x150.jpg 150w, https:\/\/livno.li\/shop\/wp-content\/uploads\/2026\/02\/33-2-420x420.jpg 420w, https:\/\/livno.li\/shop\/wp-content\/uploads\/2026\/02\/33-2-100x100.jpg 100w\" sizes=\"auto, (max-width: 150px) 100vw, 150px\" \/><\/a>\n\t\t\t<\/dt><\/dl><dl class='gallery-item'>\n\t\t\t<dt class='gallery-icon landscape'>\n\t\t\t\t<a href='https:\/\/livno.li\/shop\/wp-content\/uploads\/2026\/02\/33-3-1024x684.jpg' data-full='https:\/\/livno.li\/shop\/wp-content\/uploads\/2026\/02\/33-3.jpg'><img loading=\"lazy\" decoding=\"async\" width=\"150\" height=\"150\" src=\"https:\/\/livno.li\/shop\/wp-content\/uploads\/2026\/02\/33-3-150x150.jpg\" class=\"attachment-thumbnail size-thumbnail\" alt=\"\" srcset=\"https:\/\/livno.li\/shop\/wp-content\/uploads\/2026\/02\/33-3-150x150.jpg 150w, https:\/\/livno.li\/shop\/wp-content\/uploads\/2026\/02\/33-3-420x420.jpg 420w, https:\/\/livno.li\/shop\/wp-content\/uploads\/2026\/02\/33-3-100x100.jpg 100w\" sizes=\"auto, (max-width: 150px) 100vw, 150px\" \/><\/a>\n\t\t\t<\/dt><\/dl><dl class='gallery-item'>\n\t\t\t<dt class='gallery-icon landscape'>\n\t\t\t\t<a href='https:\/\/livno.li\/shop\/wp-content\/uploads\/2026\/02\/33-4-1024x683.jpg' data-full='https:\/\/livno.li\/shop\/wp-content\/uploads\/2026\/02\/33-4.jpg'><img loading=\"lazy\" decoding=\"async\" width=\"150\" height=\"150\" src=\"https:\/\/livno.li\/shop\/wp-content\/uploads\/2026\/02\/33-4-150x150.jpg\" class=\"attachment-thumbnail size-thumbnail\" alt=\"\" srcset=\"https:\/\/livno.li\/shop\/wp-content\/uploads\/2026\/02\/33-4-150x150.jpg 150w, https:\/\/livno.li\/shop\/wp-content\/uploads\/2026\/02\/33-4-420x420.jpg 420w, https:\/\/livno.li\/shop\/wp-content\/uploads\/2026\/02\/33-4-100x100.jpg 100w\" sizes=\"auto, (max-width: 150px) 100vw, 150px\" \/><\/a>\n\t\t\t<\/dt><\/dl><dl class='gallery-item'>\n\t\t\t<dt class='gallery-icon landscape'>\n\t\t\t\t<a href='https:\/\/livno.li\/shop\/wp-content\/uploads\/2026\/02\/33-5-1024x683.jpg' data-full='https:\/\/livno.li\/shop\/wp-content\/uploads\/2026\/02\/33-5.jpg'><img loading=\"lazy\" decoding=\"async\" width=\"150\" height=\"150\" src=\"https:\/\/livno.li\/shop\/wp-content\/uploads\/2026\/02\/33-5-150x150.jpg\" class=\"attachment-thumbnail size-thumbnail\" alt=\"\" srcset=\"https:\/\/livno.li\/shop\/wp-content\/uploads\/2026\/02\/33-5-150x150.jpg 150w, https:\/\/livno.li\/shop\/wp-content\/uploads\/2026\/02\/33-5-420x420.jpg 420w, https:\/\/livno.li\/shop\/wp-content\/uploads\/2026\/02\/33-5-100x100.jpg 100w\" sizes=\"auto, (max-width: 150px) 100vw, 150px\" \/><\/a>\n\t\t\t<\/dt><\/dl><dl class='gallery-item'>\n\t\t\t<dt class='gallery-icon landscape'>\n\t\t\t\t<a href='https:\/\/livno.li\/shop\/wp-content\/uploads\/2026\/02\/33-6-1024x640.jpg' data-full='https:\/\/livno.li\/shop\/wp-content\/uploads\/2026\/02\/33-6.jpg'><img loading=\"lazy\" decoding=\"async\" width=\"150\" height=\"150\" src=\"https:\/\/livno.li\/shop\/wp-content\/uploads\/2026\/02\/33-6-150x150.jpg\" class=\"attachment-thumbnail size-thumbnail\" alt=\"\" srcset=\"https:\/\/livno.li\/shop\/wp-content\/uploads\/2026\/02\/33-6-150x150.jpg 150w, https:\/\/livno.li\/shop\/wp-content\/uploads\/2026\/02\/33-6-420x420.jpg 420w, https:\/\/livno.li\/shop\/wp-content\/uploads\/2026\/02\/33-6-100x100.jpg 100w\" sizes=\"auto, (max-width: 150px) 100vw, 150px\" \/><\/a>\n\t\t\t<\/dt><\/dl><dl class='gallery-item'>\n\t\t\t<dt class='gallery-icon landscape'>\n\t\t\t\t<a href='https:\/\/livno.li\/shop\/wp-content\/uploads\/2026\/02\/33-7-1024x682.jpg' data-full='https:\/\/livno.li\/shop\/wp-content\/uploads\/2026\/02\/33-7.jpg'><img loading=\"lazy\" decoding=\"async\" width=\"150\" height=\"150\" src=\"https:\/\/livno.li\/shop\/wp-content\/uploads\/2026\/02\/33-7-150x150.jpg\" class=\"attachment-thumbnail size-thumbnail\" alt=\"\" srcset=\"https:\/\/livno.li\/shop\/wp-content\/uploads\/2026\/02\/33-7-150x150.jpg 150w, https:\/\/livno.li\/shop\/wp-content\/uploads\/2026\/02\/33-7-420x420.jpg 420w, https:\/\/livno.li\/shop\/wp-content\/uploads\/2026\/02\/33-7-100x100.jpg 100w\" sizes=\"auto, (max-width: 150px) 100vw, 150px\" \/><\/a>\n\t\t\t<\/dt><\/dl><dl class='gallery-item'>\n\t\t\t<dt class='gallery-icon landscape'>\n\t\t\t\t<a href='https:\/\/livno.li\/shop\/wp-content\/uploads\/2026\/02\/33-8-1024x681.jpg' data-full='https:\/\/livno.li\/shop\/wp-content\/uploads\/2026\/02\/33-8.jpg'><img loading=\"lazy\" decoding=\"async\" width=\"150\" height=\"150\" src=\"https:\/\/livno.li\/shop\/wp-content\/uploads\/2026\/02\/33-8-150x150.jpg\" class=\"attachment-thumbnail size-thumbnail\" alt=\"\" srcset=\"https:\/\/livno.li\/shop\/wp-content\/uploads\/2026\/02\/33-8-150x150.jpg 150w, https:\/\/livno.li\/shop\/wp-content\/uploads\/2026\/02\/33-8-420x420.jpg 420w, https:\/\/livno.li\/shop\/wp-content\/uploads\/2026\/02\/33-8-100x100.jpg 100w\" sizes=\"auto, (max-width: 150px) 100vw, 150px\" \/><\/a>\n\t\t\t<\/dt><\/dl><dl class='gallery-item'>\n\t\t\t<dt class='gallery-icon landscape'>\n\t\t\t\t<a href='https:\/\/livno.li\/shop\/wp-content\/uploads\/2026\/02\/33-9-1024x683.jpg' data-full='https:\/\/livno.li\/shop\/wp-content\/uploads\/2026\/02\/33-9.jpg'><img loading=\"lazy\" decoding=\"async\" width=\"150\" height=\"150\" src=\"https:\/\/livno.li\/shop\/wp-content\/uploads\/2026\/02\/33-9-150x150.jpg\" class=\"attachment-thumbnail size-thumbnail\" alt=\"\" srcset=\"https:\/\/livno.li\/shop\/wp-content\/uploads\/2026\/02\/33-9-150x150.jpg 150w, https:\/\/livno.li\/shop\/wp-content\/uploads\/2026\/02\/33-9-420x420.jpg 420w, https:\/\/livno.li\/shop\/wp-content\/uploads\/2026\/02\/33-9-100x100.jpg 100w\" sizes=\"auto, (max-width: 150px) 100vw, 150px\" \/><\/a>\n\t\t\t<\/dt><\/dl><dl class='gallery-item'>\n\t\t\t<dt class='gallery-icon landscape'>\n\t\t\t\t<a href='https:\/\/livno.li\/shop\/wp-content\/uploads\/2026\/02\/33-10-1024x683.jpg' data-full='https:\/\/livno.li\/shop\/wp-content\/uploads\/2026\/02\/33-10.jpg'><img loading=\"lazy\" decoding=\"async\" width=\"150\" height=\"150\" src=\"https:\/\/livno.li\/shop\/wp-content\/uploads\/2026\/02\/33-10-150x150.jpg\" class=\"attachment-thumbnail size-thumbnail\" alt=\"\" srcset=\"https:\/\/livno.li\/shop\/wp-content\/uploads\/2026\/02\/33-10-150x150.jpg 150w, https:\/\/livno.li\/shop\/wp-content\/uploads\/2026\/02\/33-10-420x420.jpg 420w, https:\/\/livno.li\/shop\/wp-content\/uploads\/2026\/02\/33-10-100x100.jpg 100w\" sizes=\"auto, (max-width: 150px) 100vw, 150px\" \/><\/a>\n\t\t\t<\/dt><\/dl><dl class='gallery-item'>\n\t\t\t<dt class='gallery-icon landscape'>\n\t\t\t\t<a href='https:\/\/livno.li\/shop\/wp-content\/uploads\/2026\/02\/33-11-1024x683.jpg' data-full='https:\/\/livno.li\/shop\/wp-content\/uploads\/2026\/02\/33-11.jpg'><img loading=\"lazy\" decoding=\"async\" width=\"150\" height=\"150\" src=\"https:\/\/livno.li\/shop\/wp-content\/uploads\/2026\/02\/33-11-150x150.jpg\" class=\"attachment-thumbnail size-thumbnail\" alt=\"\" srcset=\"https:\/\/livno.li\/shop\/wp-content\/uploads\/2026\/02\/33-11-150x150.jpg 150w, https:\/\/livno.li\/shop\/wp-content\/uploads\/2026\/02\/33-11-420x420.jpg 420w, https:\/\/livno.li\/shop\/wp-content\/uploads\/2026\/02\/33-11-100x100.jpg 100w\" sizes=\"auto, (max-width: 150px) 100vw, 150px\" \/><\/a>\n\t\t\t<\/dt><\/dl><dl class='gallery-item'>\n\t\t\t<dt class='gallery-icon landscape'>\n\t\t\t\t<a href='https:\/\/livno.li\/shop\/wp-content\/uploads\/2026\/02\/33-12-1024x682.jpg' data-full='https:\/\/livno.li\/shop\/wp-content\/uploads\/2026\/02\/33-12.jpg'><img loading=\"lazy\" decoding=\"async\" width=\"150\" height=\"150\" src=\"https:\/\/livno.li\/shop\/wp-content\/uploads\/2026\/02\/33-12-150x150.jpg\" class=\"attachment-thumbnail size-thumbnail\" alt=\"\" srcset=\"https:\/\/livno.li\/shop\/wp-content\/uploads\/2026\/02\/33-12-150x150.jpg 150w, https:\/\/livno.li\/shop\/wp-content\/uploads\/2026\/02\/33-12-420x420.jpg 420w, https:\/\/livno.li\/shop\/wp-content\/uploads\/2026\/02\/33-12-100x100.jpg 100w\" sizes=\"auto, (max-width: 150px) 100vw, 150px\" \/><\/a>\n\t\t\t<\/dt><\/dl><dl class='gallery-item'>\n\t\t\t<dt class='gallery-icon landscape'>\n\t\t\t\t<a href='https:\/\/livno.li\/shop\/wp-content\/uploads\/2026\/02\/33-13-1024x683.jpg' data-full='https:\/\/livno.li\/shop\/wp-content\/uploads\/2026\/02\/33-13.jpg'><img loading=\"lazy\" decoding=\"async\" width=\"150\" height=\"150\" src=\"https:\/\/livno.li\/shop\/wp-content\/uploads\/2026\/02\/33-13-150x150.jpg\" class=\"attachment-thumbnail size-thumbnail\" alt=\"\" srcset=\"https:\/\/livno.li\/shop\/wp-content\/uploads\/2026\/02\/33-13-150x150.jpg 150w, https:\/\/livno.li\/shop\/wp-content\/uploads\/2026\/02\/33-13-420x420.jpg 420w, https:\/\/livno.li\/shop\/wp-content\/uploads\/2026\/02\/33-13-100x100.jpg 100w\" sizes=\"auto, (max-width: 150px) 100vw, 150px\" \/><\/a>\n\t\t\t<\/dt><\/dl><dl class='gallery-item'>\n\t\t\t<dt class='gallery-icon landscape'>\n\t\t\t\t<a href='https:\/\/livno.li\/shop\/wp-content\/uploads\/2026\/02\/33-14-1024x683.jpg' data-full='https:\/\/livno.li\/shop\/wp-content\/uploads\/2026\/02\/33-14.jpg'><img loading=\"lazy\" decoding=\"async\" width=\"150\" height=\"150\" src=\"https:\/\/livno.li\/shop\/wp-content\/uploads\/2026\/02\/33-14-150x150.jpg\" class=\"attachment-thumbnail size-thumbnail\" alt=\"\" srcset=\"https:\/\/livno.li\/shop\/wp-content\/uploads\/2026\/02\/33-14-150x150.jpg 150w, https:\/\/livno.li\/shop\/wp-content\/uploads\/2026\/02\/33-14-420x420.jpg 420w, https:\/\/livno.li\/shop\/wp-content\/uploads\/2026\/02\/33-14-100x100.jpg 100w\" sizes=\"auto, (max-width: 150px) 100vw, 150px\" \/><\/a>\n\t\t\t<\/dt><\/dl><dl class='gallery-item'>\n\t\t\t<dt class='gallery-icon landscape'>\n\t\t\t\t<a href='https:\/\/livno.li\/shop\/wp-content\/uploads\/2026\/02\/33-15-1024x683.jpg' data-full='https:\/\/livno.li\/shop\/wp-content\/uploads\/2026\/02\/33-15.jpg'><img loading=\"lazy\" decoding=\"async\" width=\"150\" height=\"150\" src=\"https:\/\/livno.li\/shop\/wp-content\/uploads\/2026\/02\/33-15-150x150.jpg\" class=\"attachment-thumbnail size-thumbnail\" alt=\"\" srcset=\"https:\/\/livno.li\/shop\/wp-content\/uploads\/2026\/02\/33-15-150x150.jpg 150w, https:\/\/livno.li\/shop\/wp-content\/uploads\/2026\/02\/33-15-420x420.jpg 420w, https:\/\/livno.li\/shop\/wp-content\/uploads\/2026\/02\/33-15-100x100.jpg 100w\" sizes=\"auto, (max-width: 150px) 100vw, 150px\" \/><\/a>\n\t\t\t<\/dt><\/dl><dl class='gallery-item'>\n\t\t\t<dt class='gallery-icon landscape'>\n\t\t\t\t<a href='https:\/\/livno.li\/shop\/wp-content\/uploads\/2026\/02\/33-16-1024x683.jpg' data-full='https:\/\/livno.li\/shop\/wp-content\/uploads\/2026\/02\/33-16-scaled.jpg'><img loading=\"lazy\" decoding=\"async\" width=\"150\" height=\"150\" src=\"https:\/\/livno.li\/shop\/wp-content\/uploads\/2026\/02\/33-16-150x150.jpg\" class=\"attachment-thumbnail size-thumbnail\" alt=\"\" srcset=\"https:\/\/livno.li\/shop\/wp-content\/uploads\/2026\/02\/33-16-150x150.jpg 150w, https:\/\/livno.li\/shop\/wp-content\/uploads\/2026\/02\/33-16-420x420.jpg 420w, https:\/\/livno.li\/shop\/wp-content\/uploads\/2026\/02\/33-16-100x100.jpg 100w\" sizes=\"auto, (max-width: 150px) 100vw, 150px\" \/><\/a>\n\t\t\t<\/dt><\/dl><dl class='gallery-item'>\n\t\t\t<dt class='gallery-icon landscape'>\n\t\t\t\t<a href='https:\/\/livno.li\/shop\/wp-content\/uploads\/2026\/02\/33-17-1024x683.jpg' data-full='https:\/\/livno.li\/shop\/wp-content\/uploads\/2026\/02\/33-17.jpg'><img loading=\"lazy\" decoding=\"async\" width=\"150\" height=\"150\" src=\"https:\/\/livno.li\/shop\/wp-content\/uploads\/2026\/02\/33-17-150x150.jpg\" class=\"attachment-thumbnail size-thumbnail\" alt=\"\" srcset=\"https:\/\/livno.li\/shop\/wp-content\/uploads\/2026\/02\/33-17-150x150.jpg 150w, https:\/\/livno.li\/shop\/wp-content\/uploads\/2026\/02\/33-17-420x420.jpg 420w, https:\/\/livno.li\/shop\/wp-content\/uploads\/2026\/02\/33-17-100x100.jpg 100w\" sizes=\"auto, (max-width: 150px) 100vw, 150px\" \/><\/a>\n\t\t\t<\/dt><\/dl>\n\t\t<\/div>\n<\/div>\n<p><strong>Napomena:<\/strong><br \/>\nPrskalice su pirotehni\u010dki proizvod i s njima je potrebno rukovati s oprezom. Prije narud\u017ebe svakako provjerite s va\u0161im restoranom ili salom je li njihova upotreba dopu\u0161tena u prostoru.<br \/>\nU\u010dinite svoje najva\u017enije trenutke jo\u0161 posebnijima \u2013 neka svaki pogled, pokret i osmijeh zasja u svjetlu ljubavi.<\/p>\n<p>LiShop \u2013 Livno, Bosna i Hercegovina<br \/>\ninfo@livno.li<\/p>\n<p>Ukoliko imate dodatni pitanja vezano za prskalice kao i cijene\u00a0 pi\u0161ite direktno na mail info@livno.li<\/p>\n","protected":false},"excerpt":{"rendered":"<p>Prvi ples je svim mladencima jedan od najromanti\u010dnijih trenutaka na vjen\u010danju, bez obzira radi li se o tradicionalnom ili dana\u0161njim modernim vjen\u010danjima. Kako bi Va\u0161 prvi ples bio \u0161to romanticniji, [&hellip;]<\/p>\n","protected":false},"author":1,"featured_media":0,"parent":0,"menu_order":0,"comment_status":"closed","ping_status":"closed","template":"","meta":{"footnotes":""},"class_list":["post-421","page","type-page","status-publish","hentry"],"jetpack_sharing_enabled":true,"_links":{"self":[{"href":"https:\/\/livno.li\/shop\/wp-json\/wp\/v2\/pages\/421","targetHints":{"allow":["GET"]}}],"collection":[{"href":"https:\/\/livno.li\/shop\/wp-json\/wp\/v2\/pages"}],"about":[{"href":"https:\/\/livno.li\/shop\/wp-json\/wp\/v2\/types\/page"}],"author":[{"embeddable":true,"href":"https:\/\/livno.li\/shop\/wp-json\/wp\/v2\/users\/1"}],"replies":[{"embeddable":true,"href":"https:\/\/livno.li\/shop\/wp-json\/wp\/v2\/comments?post=421"}],"version-history":[{"count":18,"href":"https:\/\/livno.li\/shop\/wp-json\/wp\/v2\/pages\/421\/revisions"}],"predecessor-version":[{"id":473,"href":"https:\/\/livno.li\/shop\/wp-json\/wp\/v2\/pages\/421\/revisions\/473"}],"wp:attachment":[{"href":"https:\/\/livno.li\/shop\/wp-json\/wp\/v2\/media?parent=421"}],"curies":[{"name":"wp","href":"https:\/\/api.w.org\/{rel}","templated":true}]}}