{"id":132,"date":"2024-03-27T21:40:46","date_gmt":"2024-03-27T21:40:46","guid":{"rendered":"https:\/\/livno.li\/shop\/?post_type=product&#038;p=132"},"modified":"2026-02-11T06:06:35","modified_gmt":"2026-02-11T06:06:35","slug":"pozivnica-5591","status":"publish","type":"product","link":"https:\/\/livno.li\/shop\/proizvod\/pozivnica-5591\/","title":{"rendered":"Pozivnica  5591"},"content":{"rendered":"","protected":false},"excerpt":{"rendered":"<p>Minimalna koli\u010dina za narud\u017ebu je 50 komada.<br \/>\nZa koli\u010dine od 50 do 100 komada se napla\u0107uje izrada grafi\u010dke pripreme u iznosu od 8 \u20ac<\/p>\n<p>Dimenzije pozivnice: 13,5cm x 19cm<\/p>\n","protected":false},"featured_media":137,"template":"","meta":[],"product_brand":[],"product_cat":[15],"product_tag":[],"class_list":{"0":"post-132","1":"product","2":"type-product","3":"status-publish","4":"has-post-thumbnail","6":"product_cat-pozivnice-za-vjencanja","8":"first","9":"outofstock","10":"taxable","11":"shipping-taxable","12":"purchasable","13":"product-type-simple"},"jetpack_sharing_enabled":true,"_links":{"self":[{"href":"https:\/\/livno.li\/shop\/wp-json\/wp\/v2\/product\/132","targetHints":{"allow":["GET"]}}],"collection":[{"href":"https:\/\/livno.li\/shop\/wp-json\/wp\/v2\/product"}],"about":[{"href":"https:\/\/livno.li\/shop\/wp-json\/wp\/v2\/types\/product"}],"wp:featuredmedia":[{"embeddable":true,"href":"https:\/\/livno.li\/shop\/wp-json\/wp\/v2\/media\/137"}],"wp:attachment":[{"href":"https:\/\/livno.li\/shop\/wp-json\/wp\/v2\/media?parent=132"}],"wp:term":[{"taxonomy":"product_brand","embeddable":true,"href":"https:\/\/livno.li\/shop\/wp-json\/wp\/v2\/product_brand?post=132"},{"taxonomy":"product_cat","embeddable":true,"href":"https:\/\/livno.li\/shop\/wp-json\/wp\/v2\/product_cat?post=132"},{"taxonomy":"product_tag","embeddable":true,"href":"https:\/\/livno.li\/shop\/wp-json\/wp\/v2\/product_tag?post=132"}],"curies":[{"name":"wp","href":"https:\/\/api.w.org\/{rel}","templated":true}]}}