{"id":157,"date":"2024-03-27T22:06:01","date_gmt":"2024-03-27T22:06:01","guid":{"rendered":"https:\/\/livno.li\/shop\/?post_type=product&#038;p=157"},"modified":"2025-02-18T23:48:01","modified_gmt":"2025-02-18T23:48:01","slug":"zahvalnica-51220","status":"publish","type":"product","link":"https:\/\/livno.li\/shop\/proizvod\/zahvalnica-51220\/","title":{"rendered":"Zahvalnica 51220"},"content":{"rendered":"","protected":false},"excerpt":{"rendered":"<p>Kvalitetni 300 gramski reljefni bijeli papir, saten ma\u0161na, akrilni kamen\u010di\u0107<br \/>\nProstor za fotografiju: 10cm x 15cm<br \/>\nDimenzije zahvalnice: 114mm x 164mm<\/p>\n","protected":false},"featured_media":159,"template":"","meta":[],"product_brand":[],"product_cat":[18],"product_tag":[],"class_list":{"0":"post-157","1":"product","2":"type-product","3":"status-publish","4":"has-post-thumbnail","6":"product_cat-zahvalnice","8":"first","9":"instock","10":"taxable","11":"shipping-taxable","12":"purchasable","13":"product-type-simple"},"jetpack_sharing_enabled":true,"_links":{"self":[{"href":"https:\/\/livno.li\/shop\/wp-json\/wp\/v2\/product\/157","targetHints":{"allow":["GET"]}}],"collection":[{"href":"https:\/\/livno.li\/shop\/wp-json\/wp\/v2\/product"}],"about":[{"href":"https:\/\/livno.li\/shop\/wp-json\/wp\/v2\/types\/product"}],"wp:featuredmedia":[{"embeddable":true,"href":"https:\/\/livno.li\/shop\/wp-json\/wp\/v2\/media\/159"}],"wp:attachment":[{"href":"https:\/\/livno.li\/shop\/wp-json\/wp\/v2\/media?parent=157"}],"wp:term":[{"taxonomy":"product_brand","embeddable":true,"href":"https:\/\/livno.li\/shop\/wp-json\/wp\/v2\/product_brand?post=157"},{"taxonomy":"product_cat","embeddable":true,"href":"https:\/\/livno.li\/shop\/wp-json\/wp\/v2\/product_cat?post=157"},{"taxonomy":"product_tag","embeddable":true,"href":"https:\/\/livno.li\/shop\/wp-json\/wp\/v2\/product_tag?post=157"}],"curies":[{"name":"wp","href":"https:\/\/api.w.org\/{rel}","templated":true}]}}