{"id":22,"date":"2024-03-27T03:18:15","date_gmt":"2024-03-27T03:18:15","guid":{"rendered":"https:\/\/livno.li\/shop\/?post_type=product&#038;p=22"},"modified":"2025-02-19T00:03:04","modified_gmt":"2025-02-19T00:03:04","slug":"pozivnica-6812","status":"publish","type":"product","link":"https:\/\/livno.li\/shop\/proizvod\/pozivnica-6812\/","title":{"rendered":"Pozivnica 6812"},"content":{"rendered":"","protected":false},"excerpt":{"rendered":"<p>Minimalna koli\u010dina za narud\u017ebu je 50 komada.<br \/>\nZa koli\u010dine od 50 do 100 komada se napla\u0107uje izrada grafi\u010dke pripreme u iznosu od 8 \u20ac<\/p>\n","protected":false},"featured_media":24,"template":"","meta":[],"product_brand":[],"product_cat":[15],"product_tag":[],"class_list":{"0":"post-22","1":"product","2":"type-product","3":"status-publish","4":"has-post-thumbnail","6":"product_cat-pozivnice-za-vjencanja","8":"first","9":"instock","10":"taxable","11":"shipping-taxable","12":"purchasable","13":"product-type-simple"},"jetpack_sharing_enabled":true,"_links":{"self":[{"href":"https:\/\/livno.li\/shop\/wp-json\/wp\/v2\/product\/22","targetHints":{"allow":["GET"]}}],"collection":[{"href":"https:\/\/livno.li\/shop\/wp-json\/wp\/v2\/product"}],"about":[{"href":"https:\/\/livno.li\/shop\/wp-json\/wp\/v2\/types\/product"}],"wp:featuredmedia":[{"embeddable":true,"href":"https:\/\/livno.li\/shop\/wp-json\/wp\/v2\/media\/24"}],"wp:attachment":[{"href":"https:\/\/livno.li\/shop\/wp-json\/wp\/v2\/media?parent=22"}],"wp:term":[{"taxonomy":"product_brand","embeddable":true,"href":"https:\/\/livno.li\/shop\/wp-json\/wp\/v2\/product_brand?post=22"},{"taxonomy":"product_cat","embeddable":true,"href":"https:\/\/livno.li\/shop\/wp-json\/wp\/v2\/product_cat?post=22"},{"taxonomy":"product_tag","embeddable":true,"href":"https:\/\/livno.li\/shop\/wp-json\/wp\/v2\/product_tag?post=22"}],"curies":[{"name":"wp","href":"https:\/\/api.w.org\/{rel}","templated":true}]}}