{"id":394,"date":"2026-02-11T07:49:40","date_gmt":"2026-02-11T07:49:40","guid":{"rendered":"https:\/\/livno.li\/shop\/?post_type=product&#038;p=394"},"modified":"2026-02-11T07:50:02","modified_gmt":"2026-02-11T07:50:02","slug":"pozivnica-001","status":"publish","type":"product","link":"https:\/\/livno.li\/shop\/proizvod\/pozivnica-001\/","title":{"rendered":"Pozivnica 001"},"content":{"rendered":"","protected":false},"excerpt":{"rendered":"<div class=\"woocommerce-product-details__short-description\">\n<p>U cijenu pozivnice je ura\u010dunat\u00a0 print.<\/p>\n<p>Minimalna koli\u010dina za narud\u017ebu je 50 komada.<br \/>\nZa koli\u010dine od 50 do 100 komada se napla\u0107uje izrada grafi\u010dke pripreme u iznosu od 7,50 EURA.<br \/>\nU cijenu pozivnice je ura\u010dunata bijela koverta B6<\/p>\n<\/div>\n","protected":false},"featured_media":395,"template":"","meta":[],"product_brand":[],"product_cat":[15],"product_tag":[],"class_list":{"0":"post-394","1":"product","2":"type-product","3":"status-publish","4":"has-post-thumbnail","6":"product_cat-pozivnice-za-vjencanja","8":"first","9":"instock","10":"sale","11":"taxable","12":"shipping-taxable","13":"purchasable","14":"product-type-simple"},"jetpack_sharing_enabled":true,"_links":{"self":[{"href":"https:\/\/livno.li\/shop\/wp-json\/wp\/v2\/product\/394","targetHints":{"allow":["GET"]}}],"collection":[{"href":"https:\/\/livno.li\/shop\/wp-json\/wp\/v2\/product"}],"about":[{"href":"https:\/\/livno.li\/shop\/wp-json\/wp\/v2\/types\/product"}],"wp:featuredmedia":[{"embeddable":true,"href":"https:\/\/livno.li\/shop\/wp-json\/wp\/v2\/media\/395"}],"wp:attachment":[{"href":"https:\/\/livno.li\/shop\/wp-json\/wp\/v2\/media?parent=394"}],"wp:term":[{"taxonomy":"product_brand","embeddable":true,"href":"https:\/\/livno.li\/shop\/wp-json\/wp\/v2\/product_brand?post=394"},{"taxonomy":"product_cat","embeddable":true,"href":"https:\/\/livno.li\/shop\/wp-json\/wp\/v2\/product_cat?post=394"},{"taxonomy":"product_tag","embeddable":true,"href":"https:\/\/livno.li\/shop\/wp-json\/wp\/v2\/product_tag?post=394"}],"curies":[{"name":"wp","href":"https:\/\/api.w.org\/{rel}","templated":true}]}}