{"id":41,"date":"2024-03-27T03:44:14","date_gmt":"2024-03-27T03:44:14","guid":{"rendered":"https:\/\/livno.li\/shop\/?post_type=product&#038;p=41"},"modified":"2026-04-14T17:48:41","modified_gmt":"2026-04-14T17:48:41","slug":"pozivnica-4005","status":"publish","type":"product","link":"https:\/\/livno.li\/shop\/proizvod\/pozivnica-4005\/","title":{"rendered":"Pozivnica 4005"},"content":{"rendered":"<p>Cijena za manje koli\u010dine do 50 komada je 35 \u20ac jednokratno. Potrebno je kontaktirati na mail: info@livno.li za narud\u017ebu!<\/p>\n","protected":false},"excerpt":{"rendered":"<div class=\"woocommerce-product-details__short-description\">\n<p>Minimalna koli\u010dina za narud\u017ebu je 50 komada.<br \/>\nZa koli\u010dine od 50 do 100 komada se napla\u0107uje izrada grafi\u010dke pripreme u iznosu od 5 \u20ac<\/p>\n<p>U cijenu pozivnice je ura\u010dunata bijela koverta amerikan (1306).<\/p>\n<\/div>\n","protected":false},"featured_media":43,"template":"","meta":[],"product_brand":[],"product_cat":[15],"product_tag":[],"class_list":{"0":"post-41","1":"product","2":"type-product","3":"status-publish","4":"has-post-thumbnail","6":"product_cat-pozivnice-za-vjencanja","8":"first","9":"instock","10":"sale","11":"taxable","12":"shipping-taxable","13":"purchasable","14":"product-type-simple"},"jetpack_sharing_enabled":true,"_links":{"self":[{"href":"https:\/\/livno.li\/shop\/wp-json\/wp\/v2\/product\/41","targetHints":{"allow":["GET"]}}],"collection":[{"href":"https:\/\/livno.li\/shop\/wp-json\/wp\/v2\/product"}],"about":[{"href":"https:\/\/livno.li\/shop\/wp-json\/wp\/v2\/types\/product"}],"wp:featuredmedia":[{"embeddable":true,"href":"https:\/\/livno.li\/shop\/wp-json\/wp\/v2\/media\/43"}],"wp:attachment":[{"href":"https:\/\/livno.li\/shop\/wp-json\/wp\/v2\/media?parent=41"}],"wp:term":[{"taxonomy":"product_brand","embeddable":true,"href":"https:\/\/livno.li\/shop\/wp-json\/wp\/v2\/product_brand?post=41"},{"taxonomy":"product_cat","embeddable":true,"href":"https:\/\/livno.li\/shop\/wp-json\/wp\/v2\/product_cat?post=41"},{"taxonomy":"product_tag","embeddable":true,"href":"https:\/\/livno.li\/shop\/wp-json\/wp\/v2\/product_tag?post=41"}],"curies":[{"name":"wp","href":"https:\/\/api.w.org\/{rel}","templated":true}]}}