{"id":48,"date":"2024-03-27T03:51:50","date_gmt":"2024-03-27T03:51:50","guid":{"rendered":"https:\/\/livno.li\/shop\/?post_type=product&#038;p=48"},"modified":"2025-02-19T00:00:57","modified_gmt":"2025-02-19T00:00:57","slug":"pozivnica-4004","status":"publish","type":"product","link":"https:\/\/livno.li\/shop\/proizvod\/pozivnica-4004\/","title":{"rendered":"Pozivnica 4004"},"content":{"rendered":"<p>Cijena za manje koli\u010dine do 50 komada je 35 \u20ac jednokratno. Potrebno je kontaktirati na mail: info@livno.li za narud\u017ebu!<\/p>\n","protected":false},"excerpt":{"rendered":"<p>Minimalna koli\u010dina za narud\u017ebu je 50 komada.<br \/>\nZa koli\u010dine od 50 do 100 komada se napla\u0107uje izrada grafi\u010dke pripreme u iznosu od 5 \u20ac<\/p>\n<p>U cijenu pozivnice je ura\u010dunata bijela koverta amerikan (1306).<\/p>\n","protected":false},"featured_media":49,"template":"","meta":[],"product_brand":[],"product_cat":[15],"product_tag":[],"class_list":{"0":"post-48","1":"product","2":"type-product","3":"status-publish","4":"has-post-thumbnail","6":"product_cat-pozivnice-za-vjencanja","8":"first","9":"instock","10":"taxable","11":"shipping-taxable","12":"purchasable","13":"product-type-simple"},"jetpack_sharing_enabled":true,"_links":{"self":[{"href":"https:\/\/livno.li\/shop\/wp-json\/wp\/v2\/product\/48","targetHints":{"allow":["GET"]}}],"collection":[{"href":"https:\/\/livno.li\/shop\/wp-json\/wp\/v2\/product"}],"about":[{"href":"https:\/\/livno.li\/shop\/wp-json\/wp\/v2\/types\/product"}],"wp:featuredmedia":[{"embeddable":true,"href":"https:\/\/livno.li\/shop\/wp-json\/wp\/v2\/media\/49"}],"wp:attachment":[{"href":"https:\/\/livno.li\/shop\/wp-json\/wp\/v2\/media?parent=48"}],"wp:term":[{"taxonomy":"product_brand","embeddable":true,"href":"https:\/\/livno.li\/shop\/wp-json\/wp\/v2\/product_brand?post=48"},{"taxonomy":"product_cat","embeddable":true,"href":"https:\/\/livno.li\/shop\/wp-json\/wp\/v2\/product_cat?post=48"},{"taxonomy":"product_tag","embeddable":true,"href":"https:\/\/livno.li\/shop\/wp-json\/wp\/v2\/product_tag?post=48"}],"curies":[{"name":"wp","href":"https:\/\/api.w.org\/{rel}","templated":true}]}}